{"id":139,"date":"2015-02-20T10:10:09","date_gmt":"2015-02-20T09:10:09","guid":{"rendered":"http:\/\/www.registronmd.it\/?page_id=139"},"modified":"2016-09-08T10:03:38","modified_gmt":"2016-09-08T08:03:38","slug":"uildm","status":"publish","type":"page","link":"https:\/\/www.registronmd.it\/?page_id=139","title":{"rendered":"UILDM"},"content":{"rendered":"<h3 class=\"sottotitolo\" style=\"text-align: justify;\"><img loading=\"lazy\" decoding=\"async\" class=\"alignleft size-full wp-image-111\" src=\"https:\/\/www.registronmd.it\/wp-content\/uploads\/2015\/02\/logo_uildm-e1424425314571.png\" alt=\"logo_uildm\" width=\"150\" height=\"196\" \/>Unione Italiana Lotta alla Distrofia Muscolare<\/h3>\n<div class=\"corpo\">\n<div>\n<p style=\"text-align: justify;\">La UILDM &#8211; Unione Italiana Lotta alla Distrofia Muscolare &#8211; \u00e8 nata nel 1961, per promuovere con tutti i mezzi la ricerca scientifica e l\u2019informazione sanitaria sulle distrofie e le altre malattie neuromuscolari e per promuovere e favorire l\u2019integrazione sociale dei disabili. Essa \u00e8 presente nel nostro Paese con 73 sezioni, ove gli iscritti prestano la loro opera volontaria, in conformit\u00e0 alla propria professionalit\u00e0, nei campi in cui il paziente richiede l\u2019intervento.<br \/>\nLe Sezioni svolgono un lavoro sociale e di assistenza medico-riabilitativa ad ampio raggio, e presso alcune di esse vengono effettuati vari interventi di riabilitazione, prevenzione e ricerca, che fanno capo a strutture universitarie e sanitarie nell\u2019ambito riabilitativo.<\/p>\n<p style=\"text-align: justify;\"><a title=\"Visita il sito di UILDM\" href=\"http:\/\/www.uildm.org\/\" target=\"_blank\">Visita il sito di UILDM<\/a><\/p>\n<\/div>\n<\/div>\n","protected":false},"excerpt":{"rendered":"<p>Unione Italiana Lotta alla Distrofia Muscolare La UILDM &#8211; Unione Italiana Lotta alla Distrofia Muscolare &#8211; \u00e8 nata nel 1961, per promuovere con tutti i mezzi la ricerca scientifica e l\u2019informazione sanitaria sulle distrofie e le altre malattie neuromuscolari e &#8230; <a class=\"more-link\" href=\"https:\/\/www.registronmd.it\/?page_id=139\">Read More &raquo;<\/a><\/p>\n","protected":false},"author":1,"featured_media":0,"parent":0,"menu_order":20,"comment_status":"closed","ping_status":"closed","template":"","meta":{"footnotes":""},"class_list":["post-139","page","type-page","status-publish","hentry"],"_links":{"self":[{"href":"https:\/\/www.registronmd.it\/index.php?rest_route=\/wp\/v2\/pages\/139","targetHints":{"allow":["GET"]}}],"collection":[{"href":"https:\/\/www.registronmd.it\/index.php?rest_route=\/wp\/v2\/pages"}],"about":[{"href":"https:\/\/www.registronmd.it\/index.php?rest_route=\/wp\/v2\/types\/page"}],"author":[{"embeddable":true,"href":"https:\/\/www.registronmd.it\/index.php?rest_route=\/wp\/v2\/users\/1"}],"replies":[{"embeddable":true,"href":"https:\/\/www.registronmd.it\/index.php?rest_route=%2Fwp%2Fv2%2Fcomments&post=139"}],"version-history":[{"count":0,"href":"https:\/\/www.registronmd.it\/index.php?rest_route=\/wp\/v2\/pages\/139\/revisions"}],"wp:attachment":[{"href":"https:\/\/www.registronmd.it\/index.php?rest_route=%2Fwp%2Fv2%2Fmedia&parent=139"}],"curies":[{"name":"wp","href":"https:\/\/api.w.org\/{rel}","templated":true}]}}