{"id":230,"date":"2016-07-01T16:44:00","date_gmt":"2016-07-01T14:44:00","guid":{"rendered":"http:\/\/www.registronmd.it\/?page_id=230"},"modified":"2021-02-08T14:02:02","modified_gmt":"2021-02-08T13:02:02","slug":"sbma-kennedy","status":"publish","type":"page","link":"https:\/\/www.registronmd.it\/?page_id=230","title":{"rendered":"SBMA (Kennedy)"},"content":{"rendered":"<p style=\"text-align: justify;\">L&#8217;atrofia muscolare bulbo-spinale (SBMA), anche nota come malattia di Kennedy, \u00e8 una patologia neuromuscolare progressiva, dovuta a mutazione del gene che codifica per il recettore che nelle cellule lega gli androgeni (gli ormoni sessuali maschili, testosterone e diidrotestosterone). La malattia \u00e8 legata al cromosoma X e per manifestarsi richiede la presenza di androgeni; per tale motivo solo i maschi si ammalano, mentre le donne sono portatrici del tutto sane o presentano solo una sintomatologia molto lieve. La malattia esordisce in et\u00e0 adulta ed \u00e8 caratterizzata da debolezza muscolare che colpisce prevalentemente la muscolatura prossimale degli arti (cosce e braccia) e quella ad innervazione bulbare, potendo causare quindi un disturbo dell\u2019articolazione della parola (disartria) e della deglutizione (disfagia). Vi possono essere inoltre segni e sintomi extra-neurologici di tipo endocrinologico come il diabete mellito e segni di insensibilit\u00e0 agli androgeni quali ginecomastia, ipogonadismo e ridotta fertilit\u00e0. Il decorso della malattia \u00e8 lentamente progressivo.<\/p>\n<p style=\"text-align: justify;\">L\u2019<strong>obiettivo principale<\/strong> di questo registro \u00e8 quello di individuare e caratterizzare i soggetti con SBMA in Italia, attraverso una raccolta di informazioni cliniche e genetiche accurata e standardizzata per:<\/p>\n<ul>\n<li style=\"text-align: justify;\">studiare la storia naturale della malattia,<\/li>\n<li style=\"text-align: justify;\">validare nuove misure funzionali utili per il monitoraggio clinico dei pazienti,<\/li>\n<li style=\"text-align: justify;\">prepararsi alla sperimentazione clinica su questa patologia,<\/li>\n<li style=\"text-align: justify;\">costruire una rete di centri di riferimento italiani per la SBMA, collaborando a stretto contatto con il neonato Consorzio Europeo.<\/li>\n<\/ul>\n<p><strong>Registrazione<\/strong><\/p>\n<p style=\"text-align: justify;\">Possono iscriversi al Registro tutte le persone affette da atrofia muscolare bulbo-spinale (SBMA &#8211; detta anche malattia di Kennedy).\u00a0Prima di registrarsi <span style=\"text-decoration: underline;\">prendere visione<\/span> del <a href=\"https:\/\/www.registronmd.it\/wp-content\/uploads\/2016\/11\/Informazioni-e-consenso-informato-Registro-SBMA-16-06-16-corretto.pdf\" target=\"_blank\" rel=\"noopener noreferrer\">Consenso Informato <\/a>e della Informativa sulla\u00a0<a href=\"https:\/\/www.registronmd.it\/wp-content\/uploads\/2021\/02\/INFORMATIVA-Privacy-Registro-NMD_generica_26.1.2021.docx.pdf\" target=\"_blank\" rel=\"noopener noreferrer\">Privacy<\/a>.\u00a0E\u2019 inoltre possibile visualizzare il contenuto\u00a0delle schede di raccolta dei dati clinici e delle scale funzionali che verranno utilizzate<strong>\u00a0<\/strong>(<a href=\"https:\/\/www.registronmd.it\/wp-content\/uploads\/2016\/11\/Minimal-dataset-sito-Registro-in-Italiano.pdf\" target=\"_blank\" rel=\"noopener noreferrer\">SBMA Minimal data Set<\/a>, <a href=\"https:\/\/www.registronmd.it\/wp-content\/uploads\/2016\/11\/SBMA-FRS.pdf\" target=\"_blank\" rel=\"noopener noreferrer\">SBMA-FRS<\/a>, <a href=\"https:\/\/www.registronmd.it\/wp-content\/uploads\/2016\/07\/AMAT.pdf\" target=\"_blank\" rel=\"noopener noreferrer\">AMAT<\/a>, <a href=\"https:\/\/www.registronmd.it\/wp-content\/uploads\/2016\/07\/IIEF-15.pdf\" target=\"_blank\" rel=\"noopener noreferrer\">IIEF-5<\/a>, <a href=\"https:\/\/www.registronmd.it\/wp-content\/uploads\/2016\/11\/IPSS-ITALIANO-Corretto-1.pdf\" target=\"_blank\" rel=\"noopener noreferrer\">IPSS<\/a>).\u00a0Queste schede sono state definite da un gruppo di lavoro internazionale e raccolgono accurate informazioni genetiche, cliniche, elettrofisiologiche e di laboratorio.<\/p>\n<p style=\"text-align: justify;\"><strong>Per <a href=\"https:\/\/www.registronmd.it\/registro\/registrati.html\">registrarsi<\/a>:<\/strong><\/p>\n<ul>\n<li style=\"text-align: justify;\"><strong>Creare il proprio account\u00a0<\/strong>scegliendo un nome utente e una password. <span style=\"text-decoration: underline;\">S<\/span><u>i raccomanda di annotare e conservare con cura le proprie credenziali di accesso<\/u>.<\/li>\n<li style=\"text-align: justify;\"><strong>Inserire i propri dati anagrafici\u00a0<\/strong>e, a\u00a0completamento della scheda di registrazione, selezionare il box di accettazione sia per il Consenso Informato che per la Privacy.<\/li>\n<li style=\"text-align: justify;\"><strong>Effettuare la scelta del centro medico di riferimento.\u00a0<\/strong>Con questa operazione il soggetto interessato indica il medico specialista di riferimento che completer\u00e0 le schede con i dati clinici.<\/li>\n<li style=\"text-align: justify;\"><strong>Visita medica<\/strong>. Il\u00a0medico riceve comunicazione della scelta del paziente\u00a0tramite una e-mail generata automaticamente e concorda con il paziente una visita medica durante la quale verranno raccolti i dati.\u00a0Al momento della visita, il medico rivede con il paziente l\u2019informativa per il consenso ed \u00e8 disponibile per eventuali richieste di chiarimento\u00a0sul registro. A questo punto viene fatto firmare e datare in originale il modulo di consenso che rimane quale\u00a0documento valido ai fini legali per la completa adesione alle finalit\u00e0 del registro e per il mantenimento delle schede nel database. Le schede anagrafiche di soggetti che non effettuano la visita medica non sono valide per le finalit\u00e0 del registro ed entro un anno vengono\u00a0eliminate.<\/li>\n<\/ul>\n<p><strong>Rete clinica per il Registro dei soggetti con SBMA<\/strong><\/p>\n<p style=\"text-align: justify;\">Fanno attualmente parte della rete clinica autorizzata all&#8217;inserimento dei\u00a0dati per il Registro SBMA i seguenti centri:<\/p>\n<ul>\n<li style=\"text-align: justify;\">Centro Coordinatore: Fondazione IRCCS Istituto Neurologico \u201cC.Besta\u201d &#8211; Milano<\/li>\n<li style=\"list-style-type: none;\">Dr. Davide Pareyson \u2013\u00a0Malattie Neurodegenerative\u00a0e Neurometaboliche Rare <a href=\"mailto:davide.pareyson@isituto-besta.it\">davide.pareyson@isituto-besta.it<\/a><br \/>\nDr.ssa Caterina Mariotti &#8211; Dipartimento di Diagnostica e Tecnologia Applicata <a href=\"mailto:caterina.mariotti@istituto-besta.it\">caterina.mariotti@istituto-besta.it<\/a><\/li>\n<\/ul>\n<ul>\n<li style=\"text-align: justify;\">Prof. Gianni Sorar\u00f9, Clinica Neurologica, Azienda Ospedaliera di Padova e Dipartimento di Neuroscienze, Universit\u00e0 di Padova<br \/>\n<a href=\"mailto:gianni.soraru@unipd.it\">gianni.soraru@unipd.it<\/a><\/li>\n<li style=\"text-align: justify;\">Dr. Mario Sabatelli, Centro Clinico NEMO, Roma <a href=\"mailto:mario.sabatelli@centrocliniconemo.it\">mario.sabatelli@centrocliniconemo.it<\/a><\/li>\n<\/ul>\n<p><strong>Centri satelliti<\/strong><\/p>\n<p style=\"text-align: justify;\">Poich\u00e9 il Registro si pone l&#8217;obiettivo di costruire una rete capillare attraverso cui raggiungere quanti pi\u00f9 possibili pazienti, esso si avvale della collaborazione di centri satelliti che contribuiscono al reclutamento dei pazienti. Pu\u00f2 trovare la lista di questi centri nella mappa sotto riportata e nel documento raggiungibile a <a href=\"https:\/\/www.registronmd.it\/wp-content\/uploads\/2017\/12\/Centri-satelliti-per-sito-registro.pdf\" target=\"_blank\" rel=\"noopener noreferrer\">questo link<\/a>, completo dei contatti di ciascun centro.<\/p>\n<p style=\"text-align: justify;\">Sono state definite diverse modalit\u00e0 di collaborazione con questi centri in base alle rispettive richieste e possibilit\u00e0. Per avere maggiori informazioni al riguardo pu\u00f2 contattare direttamente il centro ai recapiti indicati oppure scrivere a: <a href=\"mailto:info-sbma@registronmd.it\">info-sbma@registronmd.it<\/a><\/p>\n<p style=\"text-align: justify;\">Se il suo Centro\/Neurologo di riferimento non compare tra quelli elencati, pu\u00f2 fare una segnalazione inviandoci una mail sempre all\u2019indirizzo <a href=\"mailto:info-sbma@registronmd.it\">info-sbma@registronmd.it<\/a><\/p>\n<p><!--p><iframe loading=\"lazy\" src=\"https:\/\/www.google.com\/maps\/d\/u\/1\/embed?mid=1E6NVD7t5oVeCyMlTG9XE7Jo9sP6pA0pb\" width=\"640\" height=\"480\"><\/iframe>\n\n\n<p style=\"text-align: justify;\"><strong>MAGGIORI INFORMAZIONI<\/strong> Per maggiori informazioni potete contattare l'indirizzo email <a href=\"mailTo:info-sbma@registronmd.it\">info-sbma@registronmd.it<\/a>.<\/p>\n\n\n<\/p>\n","protected":false},"excerpt":{"rendered":"<p>L&#8217;atrofia muscolare bulbo-spinale (SBMA), anche nota come malattia di Kennedy, \u00e8 una patologia neuromuscolare progressiva, dovuta a mutazione del gene che codifica per il recettore che nelle cellule lega gli androgeni (gli ormoni sessuali maschili, testosterone e diidrotestosterone). La malattia &#8230; <a class=\"more-link\" href=\"https:\/\/www.registronmd.it\/?page_id=230\">Read More &raquo;<\/a><\/p>\n","protected":false},"author":2,"featured_media":0,"parent":0,"menu_order":0,"comment_status":"closed","ping_status":"closed","template":"","meta":{"footnotes":""},"class_list":["post-230","page","type-page","status-publish","hentry"],"_links":{"self":[{"href":"https:\/\/www.registronmd.it\/index.php?rest_route=\/wp\/v2\/pages\/230","targetHints":{"allow":["GET"]}}],"collection":[{"href":"https:\/\/www.registronmd.it\/index.php?rest_route=\/wp\/v2\/pages"}],"about":[{"href":"https:\/\/www.registronmd.it\/index.php?rest_route=\/wp\/v2\/types\/page"}],"author":[{"embeddable":true,"href":"https:\/\/www.registronmd.it\/index.php?rest_route=\/wp\/v2\/users\/2"}],"replies":[{"embeddable":true,"href":"https:\/\/www.registronmd.it\/index.php?rest_route=%2Fwp%2Fv2%2Fcomments&post=230"}],"version-history":[{"count":0,"href":"https:\/\/www.registronmd.it\/index.php?rest_route=\/wp\/v2\/pages\/230\/revisions"}],"wp:attachment":[{"href":"https:\/\/www.registronmd.it\/index.php?rest_route=%2Fwp%2Fv2%2Fmedia&parent=230"}],"curies":[{"name":"wp","href":"https:\/\/api.w.org\/{rel}","templated":true}]}}