{"id":28,"date":"2015-02-19T10:39:17","date_gmt":"2015-02-19T09:39:17","guid":{"rendered":"http:\/\/www.registronmd.it\/?page_id=28"},"modified":"2021-11-09T10:35:03","modified_gmt":"2021-11-09T09:35:03","slug":"la-gestione-dei-dati","status":"publish","type":"page","link":"https:\/\/www.registronmd.it\/?page_id=28","title":{"rendered":"La Gestione dei dati"},"content":{"rendered":"<h3 class=\"sottotitolo\" style=\"text-align: justify\">Conoscersi meglio per stimolare la ricerca<\/h3>\n<div class=\"corpo\">\n<div>\n<p style=\"text-align: justify\">I dati registrati da pazienti e clinici sono depositati e conservati in un database tramite una procedura che tutela la privacy e la sicurezza dei dati secondo i criteri pi\u00f9 rigorosi disponibili. Questa procedura \u00e8 definita all&#8217;interno del &#8220;Manuale Organizzativo Privacy e di valutazione di Impatto&#8221; di cui si \u00e8 dotata l&#8217;Associazione del Registro.<\/p>\n<p style=\"text-align: justify\"><strong>Procedure di sicurezza<\/strong><br \/>\nL&#8217;accesso alle schede di registrazione avviene in condizioni di massima sicurezza e ogni informazione inserita nel modulo di registrazione viene <strong>criptata al momento del trasferimento al database<\/strong>.<\/p>\n<p style=\"text-align: justify\">Al momento della registrazione dei dati, alla persona iscritta \u00e8 automaticamente assegnato un codice che consente la de-identificazione della sua scheda contenente le informazioni mediche e genetiche, mantenendola separata dalla scheda che contiene i dati anagrafici.<\/p>\n<p style=\"text-align: justify\">Le informazioni trasferite al database possono essere ricondotte allo specifico Paziente solo dal Responsabile del trattamento dei dati sensibili come previsto dalle leggi in materia tramite un codice specifico per ciascuna persona registrata. Nessun altro utente ha accesso alla scheda con i dati anagrafici del paziente. Nessuno potr\u00e0 mettersi direttamente in contatto con il paziente tranne il Responsabile dei dati del Registro, o altro specialista, laddove esplicitamente previsto.<\/p>\n<p style=\"text-align: justify\"><strong>Accesso ai dati<br \/>\n<\/strong>La consultazione delle informazioni contenute nel Registro da parte dei ricercatori o di altri utenti riguarda esclusivamente i dati clinici de-identificati, non riconducibili cio\u00e8 alla persona a cui appartengono. L&#8217;accesso a questi dati \u00e8 regolato dal Comitato di Accesso del Registro, che valuta le richieste ricevute per la congruenza scientifica e per gli aspetti etici.<\/p>\n<p style=\"text-align: justify\">Sar\u00e0 cura del Responsabile nazionale del Registro trasferire alla persona registrata (e al suo medico di riferimento) ogni informazione di suo potenziale interesse pervenuta al Registro nazionale.<\/p>\n<p style=\"text-align: justify\"><strong>Validazione dei dati<br \/>\n<\/strong>\u00c8 di fondamentale importanza, per il corretto funzionamento del database e per la sua rilevanza clinica, che i dati inseriti siano accurati e corretti e che questi siano mantenuti periodicamente aggiornati.<\/p>\n<p style=\"text-align: justify\">Pertanto, si invitano tutti gli iscritti a mantenere aggiornati i propri dati anagrafici (es. indirizzo, medico di riferimento) e le altre informazioni richieste nelle schede compilabili direttamente dagli iscritti (dove pertinente).<\/p>\n<p style=\"text-align: justify\">Le schede con informazioni cliniche complesse sono compilate dagli specialisti dei centri partecipanti ai vari registri. Il medico di riferimento ha un proprio codice di accesso al Registro che gli consente esclusivamente la visualizzazione delle schede mediche delle persone che lo hanno indicato come medico di riferimento. I dati da registrare in queste schede sono raccolti durante una visita specialistica concordata con la persona interessata alla registrazione. I dati inseriti da parte di ogni medico di riferimento saranno validati e approvati dal Responsabile dello specifico database e solo a quel punto, saranno disponibili per le analisi previste dal registro ed eventuali condivisioni con altri utenti interessati secondo le modalit\u00e0 riportate sopra.<\/p>\n<p style=\"text-align: justify\"><strong>M<\/strong><strong>antenimento<\/strong><br \/>\nPer garantire l&#8217;attualit\u00e0 dei dati, i Responsabili dei vari database del Registro invieranno ogni anno una e-mail agli iscritti per eventuali aggiornamenti sullo stato di salute, risultati di nuovi esami effettuati o modifiche del proprio account. Ogni nuovo dato inserito sar\u00e0 sempre sottoposto al processo di validazione precedentemente descritto.<\/p>\n<\/div>\n<\/div>\n","protected":false},"excerpt":{"rendered":"<p>Conoscersi meglio per stimolare la ricerca I dati registrati da pazienti e clinici sono depositati e conservati in un database tramite una procedura che tutela la privacy e la sicurezza dei dati secondo i criteri pi\u00f9 rigorosi disponibili. Questa procedura &#8230; <a class=\"more-link\" href=\"https:\/\/www.registronmd.it\/?page_id=28\">Read More &raquo;<\/a><\/p>\n","protected":false},"author":1,"featured_media":0,"parent":9,"menu_order":3,"comment_status":"closed","ping_status":"closed","template":"","meta":{"footnotes":""},"class_list":["post-28","page","type-page","status-publish","hentry"],"_links":{"self":[{"href":"https:\/\/www.registronmd.it\/index.php?rest_route=\/wp\/v2\/pages\/28","targetHints":{"allow":["GET"]}}],"collection":[{"href":"https:\/\/www.registronmd.it\/index.php?rest_route=\/wp\/v2\/pages"}],"about":[{"href":"https:\/\/www.registronmd.it\/index.php?rest_route=\/wp\/v2\/types\/page"}],"author":[{"embeddable":true,"href":"https:\/\/www.registronmd.it\/index.php?rest_route=\/wp\/v2\/users\/1"}],"replies":[{"embeddable":true,"href":"https:\/\/www.registronmd.it\/index.php?rest_route=%2Fwp%2Fv2%2Fcomments&post=28"}],"version-history":[{"count":0,"href":"https:\/\/www.registronmd.it\/index.php?rest_route=\/wp\/v2\/pages\/28\/revisions"}],"up":[{"embeddable":true,"href":"https:\/\/www.registronmd.it\/index.php?rest_route=\/wp\/v2\/pages\/9"}],"wp:attachment":[{"href":"https:\/\/www.registronmd.it\/index.php?rest_route=%2Fwp%2Fv2%2Fmedia&parent=28"}],"curies":[{"name":"wp","href":"https:\/\/api.w.org\/{rel}","templated":true}]}}