{"id":31,"date":"2015-02-19T10:41:46","date_gmt":"2015-02-19T09:41:46","guid":{"rendered":"http:\/\/www.registronmd.it\/?page_id=31"},"modified":"2021-11-09T11:22:54","modified_gmt":"2021-11-09T10:22:54","slug":"f-a-q","status":"publish","type":"page","link":"https:\/\/www.registronmd.it\/?page_id=31","title":{"rendered":"F.A.Q."},"content":{"rendered":"<h3 class=\"sottotitolo\" style=\"text-align: justify\">Elenco delle domande pi\u00f9 frequenti:<\/h3>\n<div class=\"sottotitolo\" style=\"text-align: justify\"><\/div>\n<div class=\"corpo\">\n<p style=\"text-align: justify\"><a href=\"#prima\"><strong>Che cosa \u00e8 un Registro di Pazienti e perch\u00e9 ne abbiamo creato uno?<\/strong><\/a><\/p>\n<p style=\"text-align: justify\"><a href=\"#seconda\"><strong>Il Registro italiano \u00e8 collegato alle iniziative internazionali?<\/strong><\/a><\/p>\n<p style=\"text-align: justify\"><a href=\"https:\/\/www.registronmd.it\/?page_id=31#terza\"><strong>Chi pu\u00f2 registrarsi?<\/strong><\/a><\/p>\n<p style=\"text-align: justify\"><a href=\"#quarta\"><strong>Cosa devo fare per registrarmi?<\/strong><\/a><\/p>\n<p style=\"text-align: justify\"><a href=\"#quinta\"><strong>Quali sono i dati da inserire?<\/strong><\/a><\/p>\n<p style=\"text-align: justify\"><a href=\"#sesta\"><strong>Chi devo inserire come medico di riferimento?<\/strong><\/a><\/p>\n<p style=\"text-align: justify\"><a href=\"#settima\"><strong>Perch\u00e9 devo inserire anche i dati personali?<\/strong><\/a><\/p>\n<p style=\"text-align: justify\"><a href=\"#ottava\"><strong>Come posso aggiornare i miei dati se questi cambiano?<\/strong><\/a><\/p>\n<p style=\"text-align: justify\"><a href=\"#nona\"><strong>Se non sono sicuro delle informazioni le devo scrivere lo stesso?<\/strong><\/a><\/p>\n<p style=\"text-align: justify\"><a href=\"#decima\"><strong>I miei dati saranno mantenuti riservati? <\/strong><\/a><\/p>\n<p style=\"text-align: justify\"><a href=\"#undicesima\"><strong>Che vantaggi ci sono dalla registrazione?<\/strong><\/a><\/p>\n<p style=\"text-align: justify\"><a href=\"#dodicesima\"><strong>Una volta iscritto come far\u00f2 a partecipare ai trial clinici?<\/strong><\/a><\/p>\n<p style=\"text-align: justify\"><a href=\"#tredicesima\"><strong>Se mi registro, parteciper\u00f2 sicuramente agli studi clinici?<\/strong><\/a><\/p>\n<p style=\"text-align: justify\"><a href=\"#quattordicesima\"><strong>Non voglio partecipare ai trial clinici. Mi devo registrare lo stesso?<\/strong><\/a><\/p>\n<p style=\"text-align: justify\"><a href=\"#quindicesima\"><strong>\u00c8 obbligatorio partecipare al Registro? Posso ritirarmi se cambio idea?<\/strong><\/a><\/p>\n<p style=\"text-align: justify\"><a href=\"#sedicesima\"><strong>Chi devo contattare se ho delle domande?<\/strong><\/a><\/p>\n<p style=\"text-align: justify\"><a href=\"#diciassettesima\"><strong>Come vengono gestiti i cookies?<\/strong><\/a><\/p>\n<h4 style=\"text-align: justify\"><a name=\"prima\"><\/a><strong>Che cosa \u00e8 un Registro di Pazienti e perch\u00e9 ne abbiamo creato uno?<\/strong><\/h4>\n<p style=\"text-align: justify\">Un Registro di Pazienti \u00e8 un insieme di dati anagrafici, genetici e clinici di Pazienti affetti da una determinata patologia. Un Registro, che contiene in maniera ordinata e aggiornata i dati dei Pazienti, \u00e8 utile sia per fini statistici sia per una migliore conoscenza della malattia. Pu\u00f2 risultare utile anche per accelerare lo sviluppo di nuovi trattamenti. Infatti, affinch\u00e9 un nuovo trattamento possa essere approvato e reso quindi disponibile per tutti i Pazienti, \u00e8 necessario dimostrarne l&#8217;efficacia e la sicurezza negli studi clinici sperimentali (trial clinici). Quando si pianifica un trial clinico \u00e8 importante identificare e contattare tutti i Pazienti potenzialmente idonei. \u00a0E&#8217; molto utile quindi raccogliere e catalogare anche le informazioni cliniche di base dei Pazienti (ad esempio il difetto genetico o lo stato di malattia) in modo da renderle facilmente e rapidamente utilizzabili dai ricercatori.\u00a0 Per questo \u00e8 nato il Registro italiano dei Pazienti con malattie neuromuscolari.<\/p>\n<p style=\"text-align: justify\"><a name=\"seconda\"><\/a><strong>Il Registro italiano \u00e8 collegato alle iniziative internazionali?<\/strong><br \/>\nIl Registro italiano \u00e8 nato come parte di un progetto europeo chiamato Treat-NMD (Treat Neuromuscular Disorders &#8211; Curare le malattie neuromuscolari). Questo progetto ha lo scopo di unire le energie dei principali Centri europei che si occupano di malattie neuromuscolari in un network al fine di ottimizzare le conoscenze e accelerare le terapie per le persone con malattie ereditarie neuromuscolari. Sebbene non vi sia ancora alcuna cura per molte di queste malattie, rilevanti progressi sono stati fatti negli ultimi anni verso nuove strategie terapeutiche. Molte di queste strategie hanno come oggetto specifici studi su difetti genetici, alcuni dei quali sono cosi rari che solo poche persone al mondo hanno il profilo adatto per una particolare sperimentazione clinica.<br \/>\nTreat-NMD coordina l&#8217;attivit\u00e0 di un Registro globale che raccoglie, in forma de-identificata, i dati dei Pazienti inseriti nei registri nazionali e che ha come scopo principale quello di fare in modo che queste persone possano essere trovate e invitate a prendere parte a studi clinici in modo rapido ed efficiente. I dati raccolti nei registri possono anche aiutare i ricercatori a rispondere ad altre importanti domande su come queste malattie sono comuni in tutti i paesi del mondo. Questo \u00e8 un modo utile per assicurare che le persone con patologie neuromuscolari siano aggiornate sulle ultime informazioni che potrebbero essere rilevanti per la loro malattia.<br \/>\nIl Registro globale \u00e8 gi\u00e0 operativo e ha gi\u00e0 favorito l&#8217;inserimento di Pazienti di diversi paesi in sperimentazioni cliniche internazionali. L&#8217;accesso alle informazioni contenute nel Registro globale \u00e8 regolato e autorizzato da una commissione di garanzia chiamata &#8220;Treat-NMD Global Database Oversight Committee&#8221;, secondo le direttive specificate nello statuto del Registro globale. Il Registro globale non ha, in alcun modo, accesso diretto ai dati sensibili dei Pazienti e non ha diretto contatto con loro, in quanto le richieste e le informazioni sono trattate solo dal Responsabile del Registro nazionale, che fa da tramite con i Pazienti ed il loro clinico di riferimento.<br \/>\nIl Registro italiano \u00e8 stato collegato a Treat-NMD per quanto riguarda i dati delle persone con Atrofia Muscolare Spinale (SMA) e con Distrofia Muscolare di Duchenne e Becker (DMD\/BMD). Questi registri tuttavia, ora sono stati chiusi in quanto\u00a0 non pi\u00f9 rispondenti alle necessit\u00e0 attuali della ricerca, che necessita di dati molti pi\u00f9 dettagliati raccolti dai clinici attraverso altre iniziative.\u00a0I clinici che operano sul registro CMT, invece, lavorano in stretta collaborazione con la rete clinica internazionale dell'&#8221;Inherited Neuropathy Consortium&#8221;, con cui tuttavia non si condividono direttamente i dati del registro CMT italiano.<\/p>\n<p style=\"text-align: justify\"><a name=\"terza\"><\/a><strong>Chi pu\u00f2 registrarsi?<\/strong><br \/>\nPossono iscriversi al Registro i Pazienti con CMT, SLA o con una delle forme di distrofia o miopatia del registro distrofie e miopatie di et\u00e0 superiore o uguale a 18 anni. Nel caso di Pazienti minorenni o comunque in affidamento legale, l&#8217;iscrizione pu\u00f2 essere fatta dai genitori o dal rappresentante legale (tutore, curatore, amministratore di sostegno), che dovranno dare il proprio consenso valido, nell&#8217;interesse del Paziente rappresentato.<\/p>\n<p style=\"text-align: justify\"><a name=\"quarta\"><\/a><strong>Cosa devo fare per registrarmi?<\/strong><br \/>\nL&#8217;iscrizione al Registro \u00e8 assolutamente libera e gratuita. \u00c8&#8217; possibile iscriversi on-line fornendo i dati personali e clinici richiesti (alcuni obbligatori, altri facoltativi). \u00a0I codici di username e password generati dovranno essere utilizzati per ogni accesso successivo e modificati periodicamente. Prima di registrarsi \u00e8 necessario leggere la modulistica di informazione e firmare il modulo consenso, che dovr\u00e0 essere inviato anche in originale al Responsabile del trattamento dei dati.<\/p>\n<p style=\"text-align: justify\"><a name=\"quinta\"><\/a><strong>Quali sono i dati da inserire?<\/strong><br \/>\nIl Registro chiede di inserire alcuni dati personali (nome, cognome, luogo e data di nascita, residenza, ecc.) e specifici dati clinici. Questi ultimi si dividono in dati obbligatori, cio\u00e8 indispensabili per validare la registrazione e dati facoltativi, cio\u00e8 non necessari alla registrazione, ma comunque molto utili ai ricercatori e ai clinici per meglio caratterizzare clinicamente il Paziente.<br \/>\nPer alcune schede, es. SLA, questi dati sono inseribili anche dai Pazienti (o dalla persona di supporto indicata dal paziente stesso), che quindi possono compilare direttamente la scheda clinica. Nel caso degli altri registri, invece, i dati clinici richiesti sono piuttosto complessi e devono essere raccolti ed inseriti da uno specialista nel corso di una specifica visita neurologica.<br \/>\nIn ogni caso, un dato importante da inserire \u00e8 il nome del medico di riferimento regolare del Paziente il quale potr\u00e0 essere contattato per il completamento, la validazione dei dati inseriti, e al quale verranno inviate informazioni specifiche, contemporaneamente al Paziente, ad esempio riguardo a nuove opportunit\u00e0 di studi clinici (cfr. domanda <em>Chi devo inserire come medico di riferimento?<\/em>).<\/p>\n<p style=\"text-align: justify\"><a name=\"sesta\"><\/a><strong>Chi devo inserire come medico di riferimento?<\/strong><br \/>\nPer medico di riferimento intendiamo il medico (in genere il neurologo, il neuropsichiatra infantile o il pediatra) che effettua abitualmente i controlli e che conserva tutte le informazioni cliniche ed i risultati degli esami.\u00a0 In genere \u00e8 un medico di un centro specializzato in malattie neuromuscolari. Non vanno inseriti ad esempio i medici che effettuano solo i controlli cardiologici, pneumologici o ortopedici.<br \/>\nSe non si fa riferimento a nessun centro specializzato in malattie neuromuscolari, \u00e8 possibile inserire i dati del medico di base, specificandolo nell&#8217;apposito campo.<\/p>\n<p style=\"text-align: justify\"><a name=\"settima\"><\/a><strong>Perch\u00e9 devo inserire anche i dati personali?<\/strong><br \/>\nIl nome, il luogo e la data di nascita servono a identificare ogni Paziente in maniera univoca e a creare per ciascuno una scheda unica evitando omonimie. Questi dati consentiranno al Responsabile del Registro di contattare il Paziente che fosse interessato a ricevere informazioni riguardo alle sperimentazioni cliniche o ad altre attivit\u00e0 correlate al Registro.<\/p>\n<p style=\"text-align: justify\"><a name=\"ottava\"><\/a><strong>Come posso aggiornare i miei dati se questi cambiano?<\/strong><br \/>\nIn ogni momento \u00e8 possibile accedere al sito del Registro e modificare i dati inseriti. Qualora i dati non fossero noti ad un primo accesso \u00e8 possibile ricollegarsi alla pagina personale e completare la compilazione del questionario in seguito. Per garantire l&#8217;accuratezza e l&#8217;aggiornamento dei dati, ogni anno il Responsabile del Registro chieder\u00e0 agli iscritti di adeguare i dati precedentemente inseriti alle attuali condizioni di salute. Sar\u00e0 anche cura degli iscritti segnalare eventuali cambiamenti riguardanti la salute o i dati anagrafici (es. cambio di residenza o medico di riferimento).<\/p>\n<p style=\"text-align: justify\"><a name=\"nona\"><\/a><strong>Se non sono sicuro delle informazioni le devo scrivere lo stesso?<\/strong><br \/>\n\u00c8 importante che le informazioni fornite siano accurate e attendibili. Se ci sono dei dubbi consigliamo di contattare il medico di riferimento o l&#8217;Associazione di appartenenza prima di compilare il questionario. In ogni caso i dati inseriti saranno verificati dal Responsabile del Registro, direttamente o anche con l&#8217;ausilio di consulenti specialisti (in quest&#8217;ultimo caso, le informazioni saranno preliminarmente anonimizzate).<\/p>\n<p style=\"text-align: justify\"><a name=\"decima\"><\/a><strong>I miei dati saranno mantenuti riservati?<\/strong><br \/>\nI dettagli personali (nome, indirizzo, ecc.) saranno conservati in maniera riservata nel Registro e a cura del Responsabile, secondo le leggi vigenti sulla protezione dei dati.<br \/>\nNessun altro (parenti, datore di lavoro, compagnie assicurative, altri medici, ecc.) avr\u00e0 accesso ai dati del Paziente, salvo diversa indicazione del Paziente stesso.<br \/>\nI ricercatori, le case farmaceutiche o altre terze parti che esprimessero interesse verso i dati dei Pazienti a scopo di ricerca, avranno accesso solo ai dati aggregati ma non a informazioni riconducibili al singolo Paziente. Prima di accedere a queste informazioni tutti devono comunque ottenere l&#8217;approvazione del Comitato Etico del Registro che valuter\u00e0 le finalit\u00e0 e gli aspetti etici della ricerca.<br \/>\nI nomi dei Pazienti non compariranno in nessuna pubblicazione o ricerca basata sui dati del Registro.<\/p>\n<p style=\"text-align: justify\"><a name=\"undicesima\"><\/a><strong>Che vantaggi ci sono dalla registrazione?<\/strong><br \/>\nIl Registro \u00e8 di grande aiuto all&#8217;Associazione del Registro, ai medici e ai ricercatori per conoscere meglio le malattie neuromuscolari da un punto di vista epidemiologico e clinico e per avere informazioni affidabili ed aggiornate nella progettazione e nella realizzazione dei trial clinici.<br \/>\nIl Registro pu\u00f2 essere utile direttamente al Paziente iscritto per diversi motivi. In particolare, gli pu\u00f2 consentire di:<\/p>\n<ul style=\"text-align: justify\" type=\"disc\">\n<li>essere contattato per essere inserito in trial clinici nel caso di idoneit\u00e0 rispetto agli specifici criteri di inclusione dello studio<\/li>\n<li>essere informato sulle novit\u00e0 scientifiche riguardo alla sua malattia<\/li>\n<li>completare o verificare i propri dati genetici e clinici grazie alla supervisione del responsabile del Registro in collaborazione con i medici di riferimento<\/li>\n<li>stimolare il medico di riferimento ad effettuare cure o controlli pi\u00f9 adeguati rispetto alle linee guida disponibili sulla sua malattia<\/li>\n<\/ul>\n<p style=\"text-align: justify\">Non ci sono in alcun caso vantaggi economici dalla registrazione.<\/p>\n<p style=\"text-align: justify\"><a name=\"dodicesima\"><\/a><strong>Una volta iscritto come far\u00f2 a partecipare ai trial clinici?<\/strong><br \/>\nSe il profilo clinico e genetico di un Paziente corrisponde ai criteri di inclusione di un trial clinico, i ricercatori del trial contatteranno il Responsabile del Registro affinch\u00e9 questi possa informarne direttamente il Paziente, i familiari\/gli esecutori di tutela legale e il medico di riferimento. La decisione finale di partecipare oppure no al trial spetta comunque al Paziente che dovr\u00e0 firmare un altro consenso informato specifico per il trial.<\/p>\n<p style=\"text-align: justify\"><a name=\"tredicesima\"><\/a><strong>Se mi registro, parteciper\u00f2 sicuramente agli studi clinici?<\/strong><br \/>\nSebbene uno degli obiettivi principali del Registro sia quello di facilitare il reclutamento dei Pazienti per i trial clinici, non vi sono garanzie che una volta registrato ogni Paziente possa essere inserito in un trial. L&#8217;inserimento in uno studio clinico (che pu\u00f2 essere diagnostico o terapeutico) dipende infatti dalla compatibilit\u00e0 dei dati personali e clinici con i criteri d&#8217;inclusione specifici di ciascun protocollo. Questo potrebbe essere vero anche nel caso in cui un Paziente fosse inizialmente ritenuto idoneo e contattato per verificare le sue caratteristiche cliniche e la sua disponibilit\u00e0 a partecipare allo studio.<\/p>\n<p style=\"text-align: justify\"><a name=\"quattordicesima\"><\/a><strong>Non voglio partecipare ai trial clinici. Mi devo registrare lo stesso?<\/strong><br \/>\nConfidiamo nel fatto che anche se un Paziente non voglia partecipare ai trial clinici, possa essere lo stesso interessato a registrarsi. Le informazioni inserite possono essere utili alla comunit\u00e0 scientifica e ad altri Pazienti per migliorare le cure.<\/p>\n<p style=\"text-align: justify\"><a name=\"quindicesima\"><\/a><strong>\u00c8 obbligatorio partecipare al Registro? Posso ritirarmi se cambio idea?<\/strong><br \/>\nLa partecipazione a questo progetto \u00e8 assolutamente volontaria. Le leggi sulla protezione dei dati garantiscono l&#8217;accesso ai dati personali e la possibilit\u00e0 di modificarli o ritirarli in qualsiasi momento.<\/p>\n<p style=\"text-align: justify\"><a name=\"sedicesima\"><\/a><strong>Chi devo contattare se ho delle domande?<\/strong><br \/>\nIl Responsabile del Registro \u00e8 disponibile a rispondere ad altre domande che il Paziente riterr\u00e0 opportune.<\/p>\n<p style=\"text-align: justify\"><a name=\"diciassettesima\"><\/a><strong>Come vengono gestiti i cookies?<\/strong><br \/>\nSe hai dubbi o domande in merito alla gestione uso dei cookie all\u2019interno del sito www.registronmd.it ti invitiamo a consultare la pagina dedicata all&#8217;<a href=\"https:\/\/www.registronmd.it\/?page_id=330\" target=\"_BLANK\" rel=\"noopener noreferrer\">Informativa sull\u2019uso dei Cookies<\/a><\/p>\n<\/div>\n","protected":false},"excerpt":{"rendered":"<p>Elenco delle domande pi\u00f9 frequenti: Che cosa \u00e8 un Registro di Pazienti e perch\u00e9 ne abbiamo creato uno? Il Registro italiano \u00e8 collegato alle iniziative internazionali? Chi pu\u00f2 registrarsi? Cosa devo fare per registrarmi? Quali sono i dati da inserire? &#8230; <a class=\"more-link\" href=\"https:\/\/www.registronmd.it\/?page_id=31\">Read More &raquo;<\/a><\/p>\n","protected":false},"author":1,"featured_media":0,"parent":0,"menu_order":13,"comment_status":"closed","ping_status":"closed","template":"","meta":{"footnotes":""},"class_list":["post-31","page","type-page","status-publish","hentry"],"_links":{"self":[{"href":"https:\/\/www.registronmd.it\/index.php?rest_route=\/wp\/v2\/pages\/31","targetHints":{"allow":["GET"]}}],"collection":[{"href":"https:\/\/www.registronmd.it\/index.php?rest_route=\/wp\/v2\/pages"}],"about":[{"href":"https:\/\/www.registronmd.it\/index.php?rest_route=\/wp\/v2\/types\/page"}],"author":[{"embeddable":true,"href":"https:\/\/www.registronmd.it\/index.php?rest_route=\/wp\/v2\/users\/1"}],"replies":[{"embeddable":true,"href":"https:\/\/www.registronmd.it\/index.php?rest_route=%2Fwp%2Fv2%2Fcomments&post=31"}],"version-history":[{"count":0,"href":"https:\/\/www.registronmd.it\/index.php?rest_route=\/wp\/v2\/pages\/31\/revisions"}],"wp:attachment":[{"href":"https:\/\/www.registronmd.it\/index.php?rest_route=%2Fwp%2Fv2%2Fmedia&parent=31"}],"curies":[{"name":"wp","href":"https:\/\/api.w.org\/{rel}","templated":true}]}}