{"id":330,"date":"2016-07-29T11:11:05","date_gmt":"2016-07-29T09:11:05","guid":{"rendered":"http:\/\/www.registronmd.it\/?page_id=330"},"modified":"2020-09-14T13:53:18","modified_gmt":"2020-09-14T11:53:18","slug":"informativa-sulluso-dei-cookies","status":"publish","type":"page","link":"https:\/\/www.registronmd.it\/?page_id=330","title":{"rendered":"Informativa sull&#8217;uso dei Cookies"},"content":{"rendered":"<h2><strong>Informativa sull&#8217;uso dei cookie all&#8217;interno del sito www.registronmd.it ai sensi degli articoli 13 e 122 del d.lgs. 30 giugno 2003, n. 196<\/strong><\/h2>\n<p>&nbsp;<\/p>\n<p style=\"text-align:justify\">I cookie sono stringhe di testo di piccole dimensioni che il sito invia al suo terminale, dove vengono memorizzati per essere poi ritrasmessi allo stesso sito alla successiva visita del medesimo utente.<\/p>\n<p style=\"text-align:justify\">Tali informazioni possono riguardare l&#8217;utente o il dispositivo di accesso a Internet (computer, tablet o cellulare) e vengono utilizzate principalmente per adeguare il funzionamento del sito alle aspettative dell&#8217;utente, offrendo un&#8217;esperienza di navigazione pi\u00f9 personalizzata e memorizzando le scelte effettuate in precedenza.<\/p>\n<p style=\"text-align:justify\">I cookie sono usati per differenti finalit\u00e0: esecuzione di autenticazioni informatiche, monitoraggio di sessioni, memorizzazione di informazioni su specifiche configurazioni riguardanti gli utenti che accedono al server, ecc.<\/p>\n<p style=\"text-align:justify\">Cookie analitici si tratta di cookie utilizzati per analisi statistiche, per migliorare il sito e semplificarne l&#8217;utilizzo oltre che per monitorarne il corretto funzionamento. Questo tipo di cookie raccoglie informazioni in forma anonima sull&#8217;attivit\u00e0 degli utenti nel sito. Questo tipo di cookie viene erogato esclusivamente da terze parti.<\/p>\n<p style=\"text-align:justify\">Di seguito \u00e8 possibile saperne di pi\u00f9 sui vari modi in cui utilizziamo i cookie. Se lo si desidera, \u00e8 possibile impedire il salvataggio di alcuni o tutti i cookie. Tuttavia, in questo caso l&#8217;utilizzo del sito e dei servizi offerti risulta compromesso.<\/p>\n<p style=\"text-align:justify\">Se non desideri ricevere e memorizzare&nbsp;<span class=\"il\">cookie<\/span>&nbsp;sul proprio dispositivo potrai modificare le impostazioni di sicurezza direttamente dal tuo browser accedendo ai seguenti link:<\/p>\n<ul>\n<li>Google Chrome:&nbsp;<a href=\"https:\/\/support.google.com\/chrome\/answer\/95647?hl=it\" target=\"_blank\" rel=\"noopener noreferrer\" data-saferedirecturl=\"https:\/\/www.google.com\/url?q=https:\/\/support.google.com\/chrome\/answer\/95647?hl%3Dit&amp;source=gmail&amp;ust=1600163187970000&amp;usg=AFQjCNGaOUszCKtXII8CZADm3einYk0hLg\">https:\/\/support.google.com\/<wbr>chrome\/answer\/95647?hl=it<\/wbr><\/a><\/li>\n<li>Microsoft Internet Explorer:&nbsp;<a href=\"http:\/\/windows.microsoft.com\/it-it\/internet-explorer\/delete-manage-cookies#ie=ie-11\" target=\"_blank\" rel=\"noopener noreferrer\" data-saferedirecturl=\"https:\/\/www.google.com\/url?q=http:\/\/windows.microsoft.com\/it-it\/internet-explorer\/delete-manage-cookies%23ie%3Die-11&amp;source=gmail&amp;ust=1600163187971000&amp;usg=AFQjCNEQoQWWYjONTOiFjJWfaEbl4QEqkg\">http:\/\/windows.microsoft.com\/<wbr>it-it\/internet-explorer\/<\/wbr><wbr>delete-manage-<span class=\"il\">cookies<\/span>#ie=ie-11<\/wbr><\/a><\/li>\n<li>Mozilla Firefox:&nbsp;<a href=\"https:\/\/support.mozilla.org\/it\/kb\/Attivare%20e%20disattivare%20i%20cookie\" target=\"_blank\" rel=\"noopener noreferrer\" data-saferedirecturl=\"https:\/\/www.google.com\/url?q=https:\/\/support.mozilla.org\/it\/kb\/Attivare%2520e%2520disattivare%2520i%2520cookie&amp;source=gmail&amp;ust=1600163187971000&amp;usg=AFQjCNHYcpeapx5Qrc_GZvQAVl9ecZyd3Q\">https:\/\/support.mozilla.org\/<wbr>it\/kb\/Attivare%20e%<\/wbr><wbr>20disattivare%20i%20cookie<\/wbr><\/a><\/li>\n<li>Safari:&nbsp;<a href=\"https:\/\/support.apple.com\/it-it\/HT201265\" target=\"_blank\" rel=\"noopener noreferrer\" data-saferedirecturl=\"https:\/\/www.google.com\/url?q=https:\/\/support.apple.com\/it-it\/HT201265&amp;source=gmail&amp;ust=1600163187971000&amp;usg=AFQjCNG6n7wEHoqLNGYWrRqDxfOie2HcsA\">https:\/\/support.apple.com\/it-<wbr>it\/HT201265<\/wbr><\/a><\/li>\n<li>Opera:&nbsp;<a href=\"http:\/\/help.opera.com\/Windows\/12.10\/it\/cookies.html\" target=\"_blank\" rel=\"noopener noreferrer\" data-saferedirecturl=\"https:\/\/www.google.com\/url?q=http:\/\/help.opera.com\/Windows\/12.10\/it\/cookies.html&amp;source=gmail&amp;ust=1600163187971000&amp;usg=AFQjCNEEF2_krnEGselIRoz2iMYWo9eziA\">http:\/\/help.opera.com\/Windows\/<wbr>12.10\/it\/<span class=\"il\">cookies<\/span>.html<\/wbr><\/a><\/li>\n<\/ul>\n<p style=\"text-align:justify\">Di seguito l&#8217;enco dei cookie tecnici e analitici impostati dal sito <strong>Registro NMD<\/strong>:<\/p>\n<ul>\n<li>cookieconsent_status<\/li>\n<li>_ga<\/li>\n<li>_gat<\/li>\n<li>_gid<\/li>\n<li>_utmz<\/li>\n<li>_utma<\/li>\n<li>Lang<\/li>\n<li>wordpress_logged_in_d66c3300d3e010b743ad92fdde857bf6<\/li>\n<li>wordpress_d66c3300d3e010b743ad92fdde857bf6<\/li>\n<li>wordpress_test_cookie<\/li>\n<li>wp-settings-time-1<\/li>\n<li>wp-settings-1<\/li>\n<li>displayCookieConsent<\/li>\n<li>JSESSIONID<\/li>\n<\/ul>\n","protected":false},"excerpt":{"rendered":"<p>Informativa sull&#8217;uso dei cookie all&#8217;interno del sito www.registronmd.it ai sensi degli articoli 13 e 122 del d.lgs. 30 giugno 2003, n. 196 &nbsp; I cookie sono stringhe di testo di piccole dimensioni che il sito invia al suo terminale, dove &#8230; <a class=\"more-link\" href=\"https:\/\/www.registronmd.it\/?page_id=330\">Read More &raquo;<\/a><\/p>\n","protected":false},"author":2,"featured_media":0,"parent":0,"menu_order":0,"comment_status":"closed","ping_status":"closed","template":"no-sidebar.php","meta":{"footnotes":""},"class_list":["post-330","page","type-page","status-publish","hentry"],"_links":{"self":[{"href":"https:\/\/www.registronmd.it\/index.php?rest_route=\/wp\/v2\/pages\/330","targetHints":{"allow":["GET"]}}],"collection":[{"href":"https:\/\/www.registronmd.it\/index.php?rest_route=\/wp\/v2\/pages"}],"about":[{"href":"https:\/\/www.registronmd.it\/index.php?rest_route=\/wp\/v2\/types\/page"}],"author":[{"embeddable":true,"href":"https:\/\/www.registronmd.it\/index.php?rest_route=\/wp\/v2\/users\/2"}],"replies":[{"embeddable":true,"href":"https:\/\/www.registronmd.it\/index.php?rest_route=%2Fwp%2Fv2%2Fcomments&post=330"}],"version-history":[{"count":0,"href":"https:\/\/www.registronmd.it\/index.php?rest_route=\/wp\/v2\/pages\/330\/revisions"}],"wp:attachment":[{"href":"https:\/\/www.registronmd.it\/index.php?rest_route=%2Fwp%2Fv2%2Fmedia&parent=330"}],"curies":[{"name":"wp","href":"https:\/\/api.w.org\/{rel}","templated":true}]}}