{"id":52,"date":"2015-02-19T11:02:28","date_gmt":"2015-02-19T10:02:28","guid":{"rendered":"http:\/\/www.registronmd.it\/?page_id=52"},"modified":"2021-02-16T17:57:29","modified_gmt":"2021-02-16T16:57:29","slug":"cmd","status":"publish","type":"page","link":"https:\/\/www.registronmd.it\/?page_id=52","title":{"rendered":"CMD"},"content":{"rendered":"<h3 style=\"text-align: justify;\">Il Registro Telethon &#8211; UILDM per le CMD<\/h3>\n<p style=\"text-align: justify;\">Il Registro dei pazienti con distrofia muscolare congenita (in inglese Congenital Muscular Dystrophy, da cui l&#8217;acronimo CMD) \u00e8 parte di uno studio multicentrico finanziato con il bando<a title=\"Leggi il bando\" href=\"http:\/\/www.uildm.org\/scienza-e-medicina\/progetti-di-ricerca-su-malattie-neuromuscolari\/bando-telethon-uildm\/progetti-telethon-uildm-approvati-2011\/distrofie-congenite-un-database-per-ricostruirne-la-storia-naturale\/\" target=\"_blank\" rel=\"noopener noreferrer\"> Telethon-UILDM<\/a>\u00a0proposto da un gruppo di ricercatori clinici di genetica medica e neurologia, che operano presso centri clinici neuromuscolari distribuiti in tutta Italia. Coordinatore del progetto \u00e8 il prof. Eugenio Mercuri, Unit\u00e0 di Neuropsichiatria Infantile, Universit\u00e0 Cattolica del Sacro Cuore, Policlinico Gemelli, Roma.<\/p>\n<p style=\"text-align: justify;\"><em><strong>A cosa serve questo studio?<\/strong><br \/>\n<\/em>Il progetto di ricerca Telethon-UILDM persegue vari obiettivi, tra cui:<\/p>\n<ol style=\"text-align: justify;\">\n<li>creare una rete clinica e di ricerca di laboratorio per consentire la diagnosi accurata delle varie forme di distrofia muscolare congenita nei pazienti italiani;<\/li>\n<li>raccogliere, tramite dati retrospettivi e accertamenti mirati, elementi essenziali della storia naturale di malattia, quali gli aspetti funzionali a livello neuromuscolare ed i parametri respiratori;<\/li>\n<li>disegnare e validare un database clinico per il follow-up dei pazienti per facilitare l&#8217;implementazione dei migliori standard di cura internazionali per queste forme di distrofia;<\/li>\n<li>facilitare il disegno di trial clinici qualora vi siano approcci terapeutici promettenti per pazienti con forme di CMD.<\/li>\n<\/ol>\n<p style=\"text-align: justify;\">Per realizzare questi obiettivi, il gruppo dei clinici italiani che seguono pazienti con CMD lavorer\u00e0 in stretta connessione con i colleghi europei ed americani che partecipano alle attivit\u00e0 del Registro Internazionale <a title=\"Visita il sito del registro internazionale CMD\" href=\"http:\/\/cmdir.org\/\" target=\"_blank\" rel=\"noopener noreferrer\">CMD<\/a> (CMDIR)\u00a0promosso dall&#8217;Associazione Cure CMD in collaborazione con <a title=\"Visita il sito di Treat NMD\" href=\"https:\/\/treat-nmd.org\/\" target=\"_blank\" rel=\"noopener noreferrer\">Treat-NMD<\/a>.<\/p>\n<p style=\"text-align: justify;\"><em><strong>Come si sviluppa il progetto?<\/strong><br \/>\n<\/em>Il Centro Coordinatore raccoglie una scheda dati di ciascun paziente, che \u00e8 distinta in informazioni generali ed informazioni sulla storia naturale. Nel Registro sono raccolti i dati sia dei pazienti con forme ad esordio nell&#8217;et\u00e0 infantile che forme dell&#8217;adulto.<br \/>\nLa raccolta e l&#8217;invio dei dati al Centro Coordinatore avviene ad opera dei responsabili delle singole unit\u00e0 operative partecipanti, dopo aver ottenuto il consenso del paziente (o dei suoi genitori in caso di minori) alla raccolta ed al trattamento dei dati personali.<br \/>\nConsiderato che la distribuzione geografica dei centri partecipanti copre gran parte del territorio italiano, il singolo paziente pu\u00f2 contattare il singolo responsabile o altri collaboratori degli Istituti di appartenenza o il Centro Coordinatore.<\/p>\n<p style=\"text-align: justify;\"><em><strong>Come posso fare a partecipare a questo studio?<\/strong><br \/>\n<\/em>Le persone con una forma di CMD che fossero interessate a partecipare allo studio possono contattare il Prof. Mercuri o il referente del centro clinico neuromuscolare pi\u00f9 vicino alla loro residenza per maggiori informazioni e per prenotare una visita medica per la raccolta dei dati.<br \/>\nIn una fase prossima sar\u00e0 valutata la possibile adesione di ulteriori centri clinici e diagnostici alla rete. Si consiglia pertanto di fare riferimento anche al proprio referente clinico, che potrebbe gi\u00e0 essere in contatto con la rete del Registro CMD.<\/p>\n<p style=\"text-align: justify;\"><strong>Quali sono i centri clinici che fanno parte della rete clinica delle distrofie muscolari congenite?<\/strong><br \/>\nFanno attualmente parte della rete clinica per il Registro dei soggetti con CMD i seguenti centri:<\/p>\n<ol>\n<li style=\"text-align: justify;\">Centro Coordinatore: Prof. Eugenio Mercuri, Unit\u00e0 di Unit\u00e0 di Neuropsichiatria Infantile, Universit\u00e0 Cattolica del Sacro Cuore, Policlinico Gemelli, Roma, <a href=\"mailto:mercuri@rm.unicatt.it\">mercuri@rm.unicatt.it<\/a><\/li>\n<li style=\"text-align: justify;\">Prof.ssa Angela Berardinelli Fondazione &#8220;Istituto Neurologico Nazionale C. Mondino&#8221;, Struttura Complessa di Neuropsichiatria Infantile, Pavia, <a href=\"mailto:angela.berardinelli@mondino.it\">angela.berardinelli@mondino.it<\/a><\/li>\n<li style=\"text-align: justify;\">Dott.ssa Patrizia Boffi, Dipartimento di Scienze Pediatriche e dell&#8217;Adolescenza Sezione di Neuropsichiatria Infantile, Ospedale Regina Margherita, Torino, <a href=\"mailto:patrizia.boffi@unito.it\">patrizia.boffi@unito.it<\/a><\/li>\n<li style=\"text-align: justify;\">Prof. Claudio Bruno, Dipartimento di Scienze Pediatriche, Istituto G. Gaslini, Universit\u00e0 di Genova, <a href=\"mailto:claudiobruno@ospedale-gaslini.ge.it\">claudiobruno@ospedale-gaslini.ge.it<\/a><\/li>\n<li style=\"text-align: justify;\">Prof. Giacomo Pietro Comi, Centro Dino Ferrari, Dipartimento di Scienze Neurologiche, Universit\u00e0 di Milano, <a href=\"mailto:giacomo.comi@unimi.it\">giacomo.comi@unimi.it<\/a><\/li>\n<li style=\"text-align: justify;\">Dr. Massimo Corbo, Centro NEMO, Ospedale Niguarda Ca&#8217; Granda, Milano, <a href=\"mailto:massimo.corbo@centrocliniconemo.it\">massimo.corbo@centrocliniconemo.it<\/a><\/li>\n<li style=\"text-align: justify;\">Dott.ssa Adele D&#8217;Amico, Unit\u00e0 Neuromuscolare e Neurodegenerativa, Dipartimento di Neuroscienze Ospedale Pediatrico Bambin Ges\u00f9, Roma, <a href=\"mailto:adeledamico@hotmail.com\">adeledamico@hotmail.com<\/a><\/li>\n<li style=\"text-align: justify;\">Dott.ssa Sonia Messina, Dipartimento di Neuroscienze, Universit\u00e0 di Messina, <a href=\"mailto:smessina@unime.it\">smessina@unime.it<\/a><\/li>\n<li style=\"text-align: justify;\">Dott.ssa Isabella Moroni, Divisione di Neurologia Infantile, Fondazione IRCCS Istituto Neurologico C. Besta, Milano, <a href=\"mailto:isabella.moroni@istituto-besta.it\">isabella.moroni@istituto-besta.it<\/a><\/li>\n<li style=\"text-align: justify;\">Prof.ssa Elena Pegoraro, Dipartimento di Neuroscienze, Universit\u00e0 di Padova, <a href=\"mailto:elena.pegoraro@unipd.it\">elena.pegoraro@unipd.it<\/a><\/li>\n<li style=\"text-align: justify;\">Prof.ssa Antonella Pini, Unit\u00e0 Operativa di Neuropsichiatria Infantile, Dipartimento di Neuroscienze, Azienda USL di Bologna, <a href=\"mailto:antonella.pini@ausl.bologna.it\">antonella.pini@ausl.bologna.it<\/a><\/li>\n<li style=\"text-align: justify;\">Prof.ssa Luisa Politano, Dipartimento di Medicina Sperimentale, Seconda Universit\u00e0 di Napoli, <a href=\"mailto:luisa.politano@unina2.it\">luisa.politano@unina2.it<\/a><\/li>\n<li style=\"text-align: justify;\">Prof. Filippo Maria Santorelli, Dipartimento di Medicina Molecolare, Neurogenetica e Malattie Neuromuscolari, \u00a0IRCCS Fondazione Stella Maris, Calambrone (Pisa), <a href=\"mailto:f.santorelli@inpe.unipi.it\">f.santorelli@inpe.unipi.it<\/a><\/li>\n<\/ol>\n","protected":false},"excerpt":{"rendered":"<p>Il Registro Telethon &#8211; UILDM per le CMD Il Registro dei pazienti con distrofia muscolare congenita (in inglese Congenital Muscular Dystrophy, da cui l&#8217;acronimo CMD) \u00e8 parte di uno studio multicentrico finanziato con il bando Telethon-UILDM\u00a0proposto da un gruppo di &#8230; <a class=\"more-link\" href=\"https:\/\/www.registronmd.it\/?page_id=52\">Read More &raquo;<\/a><\/p>\n","protected":false},"author":1,"featured_media":0,"parent":0,"menu_order":9,"comment_status":"closed","ping_status":"closed","template":"","meta":{"footnotes":""},"class_list":["post-52","page","type-page","status-publish","hentry"],"_links":{"self":[{"href":"https:\/\/www.registronmd.it\/index.php?rest_route=\/wp\/v2\/pages\/52","targetHints":{"allow":["GET"]}}],"collection":[{"href":"https:\/\/www.registronmd.it\/index.php?rest_route=\/wp\/v2\/pages"}],"about":[{"href":"https:\/\/www.registronmd.it\/index.php?rest_route=\/wp\/v2\/types\/page"}],"author":[{"embeddable":true,"href":"https:\/\/www.registronmd.it\/index.php?rest_route=\/wp\/v2\/users\/1"}],"replies":[{"embeddable":true,"href":"https:\/\/www.registronmd.it\/index.php?rest_route=%2Fwp%2Fv2%2Fcomments&post=52"}],"version-history":[{"count":0,"href":"https:\/\/www.registronmd.it\/index.php?rest_route=\/wp\/v2\/pages\/52\/revisions"}],"wp:attachment":[{"href":"https:\/\/www.registronmd.it\/index.php?rest_route=%2Fwp%2Fv2%2Fmedia&parent=52"}],"curies":[{"name":"wp","href":"https:\/\/api.w.org\/{rel}","templated":true}]}}